{"id":3789,"date":"2021-06-04T09:26:07","date_gmt":"2021-06-04T12:26:07","guid":{"rendered":"https:\/\/rotolider.com.br\/sp\/?post_type=product&#038;p=3789"},"modified":"2021-06-04T14:55:49","modified_gmt":"2021-06-04T17:55:49","slug":"spill-drum","status":"publish","type":"product","link":"https:\/\/rotolider.com.br\/sp\/produto\/spill-drum","title":{"rendered":"Spill drum"},"content":{"rendered":"<p><a class=\"button\" style=\"background-color: red !important;\" href=\"https:\/\/rotolider.com.br\/sp\/cartelas\/cartelas_ROTOLIDER_CAVALETE.pdf\" target=\"_blank\" rel=\"noopener noreferrer\">Download do PDF<\/a><\/p>\n<div class=\"elementor-element elementor-element-4a78277 elementor-tabs-view-horizontal elementor-widget elementor-widget-tabs\" data-id=\"4a78277\" data-element_type=\"widget\" data-widget_type=\"tabs.default\">\n<div class=\"elementor-widget-container\">\n<div class=\"elementor-tabs\" role=\"tablist\">\n<div class=\"elementor-tabs-wrapper\">\n<div id=\"elementor-tab-title-7801\" class=\"elementor-tab-title elementor-tab-desktop-title elementor-active\" role=\"tab\" data-tab=\"1\" aria-controls=\"elementor-tab-content-7801\"><a>Detalhes<\/a><\/div>\n<div id=\"elementor-tab-title-7802\" class=\"elementor-tab-title elementor-tab-desktop-title\" role=\"tab\" data-tab=\"2\" aria-controls=\"elementor-tab-content-7802\"><a>Diferenciais<\/a><\/div>\n<\/div>\n<div class=\"elementor-tabs-content-wrapper\">\n<div class=\"elementor-tab-title elementor-tab-mobile-title elementor-active\" role=\"tab\" data-tab=\"1\">Detalhes<\/div>\n<div id=\"elementor-tab-content-7801\" class=\"elementor-tab-content elementor-clearfix elementor-active\" style=\"display: block;\" role=\"tabpanel\" data-tab=\"1\" aria-labelledby=\"elementor-tab-title-7801\"> O Spill Drum serve para o controle de vazamentos provenientes de tambores com capacidades de 200 litros. Uma vez rosqueada, a tampa n\u00e3o deixa escapar l\u00edquidos ou gases, mesmo que rolado na horizontal.<\/p>\n<p>Fabricados em polietileno rotomoldado totalmente sem soldas ou emendas, como uma pe\u00e7a \u00fanica, os SpillDrums podem sofrer impactos durante o transporte sem danos \u00e0 sua estrutura. S\u00e3o adequados ao manuseio por ferramentas de eleva\u00e7\u00e3o de carga ou empilhadeiras, sem necessidade de adapta\u00e7\u00f5es.<\/p>\n<p>Os Spill Drums tamb\u00e9m s\u00e3o utilizados como abrigos de tambores, com capacidade de conter derrames de at\u00e9 200 litros dos mais variados tipos de l\u00edquidos perigosos.<\/b><b>Atende a norma OSHA 40 CFR 264<\/b><\/div>\n<div class=\"elementor-tab-title elementor-tab-mobile-title\" role=\"tab\" data-tab=\"2\">Diferenciais<\/div>\n<div id=\"elementor-tab-content-7802\" class=\"elementor-tab-content elementor-clearfix\" style=\"display: none;\" role=\"tabpanel\" data-tab=\"2\" aria-labelledby=\"elementor-tab-title-7802\"><i class=\"fas fa-check\" aria-hidden=\"true\"><\/i>\u00a0Colabora na manuten\u00e7\u00e3o de um ambiente de trabalho seguro e salubre.<br \/>\n<i class=\"fas fa-check\" aria-hidden=\"true\"><\/i>\u00a0Diminui\u00e7\u00e3o consider\u00e1vel de vazamentos e tombamentos de tambores.<br \/>\n<i class=\"fas fa-check\" aria-hidden=\"true\"><\/i>\u00a0Projetado para manter funcion\u00e1rios e o ambiente de trabalho industrial em perfeito estado de salubridade e seguran\u00e7a em rela\u00e7\u00e3o a vazamentos ou derramamentos inesperados de tambores e produtos.<br \/>\n<i class=\"fas fa-check\" aria-hidden=\"true\"><\/i>\u00a0Seguran\u00e7a ao trabalho e tamb\u00e9m prote\u00e7\u00e3o ao meio ambiente,mant\u00e9m a sua empresa em conformidade com normas vigentes.<\/div>\n<\/div>\n<\/div>\n<\/div>\n<\/div>\n","protected":false},"excerpt":{"rendered":"<p>Download do PDF Detalhes Diferenciais Detalhes O Spill Drum serve para o controle de vazamentos provenientes de tambores com capacidades de 200 litros. Uma vez rosqueada, a tampa n\u00e3o deixa escapar l\u00edquidos ou gases, mesmo que rolado na horizontal. Fabricados em polietileno rotomoldado totalmente sem soldas ou emendas, como uma pe\u00e7a \u00fanica, os SpillDrums podem [&hellip;]<\/p>\n","protected":false},"featured_media":3791,"template":"","meta":{"_joinchat":[]},"product_cat":[96],"product_tag":[],"_links":{"self":[{"href":"https:\/\/rotolider.com.br\/sp\/wp-json\/wp\/v2\/product\/3789"}],"collection":[{"href":"https:\/\/rotolider.com.br\/sp\/wp-json\/wp\/v2\/product"}],"about":[{"href":"https:\/\/rotolider.com.br\/sp\/wp-json\/wp\/v2\/types\/product"}],"wp:featuredmedia":[{"embeddable":true,"href":"https:\/\/rotolider.com.br\/sp\/wp-json\/wp\/v2\/media\/3791"}],"wp:attachment":[{"href":"https:\/\/rotolider.com.br\/sp\/wp-json\/wp\/v2\/media?parent=3789"}],"wp:term":[{"taxonomy":"product_cat","embeddable":true,"href":"https:\/\/rotolider.com.br\/sp\/wp-json\/wp\/v2\/product_cat?post=3789"},{"taxonomy":"product_tag","embeddable":true,"href":"https:\/\/rotolider.com.br\/sp\/wp-json\/wp\/v2\/product_tag?post=3789"}],"curies":[{"name":"wp","href":"https:\/\/api.w.org\/{rel}","templated":true}]}}