{"id":3655,"date":"2020-10-01T15:17:31","date_gmt":"2020-10-01T18:17:31","guid":{"rendered":"http:\/\/rotolider.com.br\/sp\/produto\/container500lsp-copy"},"modified":"2020-10-01T17:45:58","modified_gmt":"2020-10-01T20:45:58","slug":"coletor-360l","status":"publish","type":"product","link":"https:\/\/rotolider.com.br\/sp\/produto\/coletor-360l","title":{"rendered":"Carrinho Coletor de Lixo"},"content":{"rendered":"<p><a target=\"_blank\" href=\"https:\/\/rotolider.com.br\/sp\/cartelas\/cartelas_ROTOLIDER_CONTENTOR360L.pdf\" class=\"button\" style=\"background-color: red !important;\" rel=\"noopener noreferrer\">Download do PDF<\/a><\/p>\n<div class=\"elementor-element elementor-element-4a78277 elementor-tabs-view-horizontal elementor-widget elementor-widget-tabs\" data-id=\"4a78277\" data-element_type=\"widget\" data-widget_type=\"tabs.default\">\n<div class=\"elementor-widget-container\">\n<div class=\"elementor-tabs\" role=\"tablist\">\n<div class=\"elementor-tabs-wrapper\">\n<div id=\"elementor-tab-title-7801\" class=\"elementor-tab-title elementor-tab-desktop-title elementor-active\" role=\"tab\" data-tab=\"1\" aria-controls=\"elementor-tab-content-7801\"><a>Detalhes<\/a><\/div>\n<div class=\"elementor-tabs-content-wrapper\">\n<div class=\"elementor-tab-title elementor-tab-mobile-title elementor-active\" role=\"tab\" data-tab=\"1\">Detalhes<\/div>\n<div id=\"elementor-tab-content-7801\" class=\"elementor-tab-content elementor-clearfix elementor-active\" style=\"display: block;\" role=\"tabpanel\" data-tab=\"1\" aria-labelledby=\"elementor-tab-title-7801\">\n<p>O Contentor 360 Litros \u00e9 fabricado em Polietileno de Alta Densidade (PEAD) ou Polie leno de M\u00e9dia Densidade (PEMD), rotomoldado em m\u00e1quinas de alta tecnologia e respeitando as principais normas vigentes da Ag\u00eancia Nacional de Vigil\u00e2ncia Sanit\u00e1ria (ANVISA).<\/p>\n<p>Resistente aos impactos, aos raios ultravioleta e \u00e0s repe das lavagens, o Carrinho Coletor 360 Litros garante seguran\u00e7a, con?abilidade e durabilidade em raz\u00e3o do alto padr\u00e3o de qualidade e resist\u00eancia com que \u00e9 produzido.<\/p>\n<\/div>\n<\/div>\n<\/div>\n<\/div>\n<\/div>\n<\/div>\n","protected":false},"excerpt":{"rendered":"<p>Download do PDF Detalhes Detalhes O Contentor 360 Litros \u00e9 fabricado em Polietileno de Alta Densidade (PEAD) ou Polie leno de M\u00e9dia Densidade (PEMD), rotomoldado em m\u00e1quinas de alta tecnologia e respeitando as principais normas vigentes da Ag\u00eancia Nacional de Vigil\u00e2ncia Sanit\u00e1ria (ANVISA). Resistente aos impactos, aos raios ultravioleta e \u00e0s repe das lavagens, o [&hellip;]<\/p>\n","protected":false},"featured_media":3630,"template":"","meta":{"_joinchat":[]},"product_cat":[128],"product_tag":[],"_links":{"self":[{"href":"https:\/\/rotolider.com.br\/sp\/wp-json\/wp\/v2\/product\/3655"}],"collection":[{"href":"https:\/\/rotolider.com.br\/sp\/wp-json\/wp\/v2\/product"}],"about":[{"href":"https:\/\/rotolider.com.br\/sp\/wp-json\/wp\/v2\/types\/product"}],"wp:featuredmedia":[{"embeddable":true,"href":"https:\/\/rotolider.com.br\/sp\/wp-json\/wp\/v2\/media\/3630"}],"wp:attachment":[{"href":"https:\/\/rotolider.com.br\/sp\/wp-json\/wp\/v2\/media?parent=3655"}],"wp:term":[{"taxonomy":"product_cat","embeddable":true,"href":"https:\/\/rotolider.com.br\/sp\/wp-json\/wp\/v2\/product_cat?post=3655"},{"taxonomy":"product_tag","embeddable":true,"href":"https:\/\/rotolider.com.br\/sp\/wp-json\/wp\/v2\/product_tag?post=3655"}],"curies":[{"name":"wp","href":"https:\/\/api.w.org\/{rel}","templated":true}]}}