{"id":3297,"date":"2020-07-08T03:29:01","date_gmt":"2020-07-08T06:29:01","guid":{"rendered":"http:\/\/rotolider.com.br\/sp\/produto\/pallet-de-contencao-150l-4-tambores-copy-copy"},"modified":"2020-10-01T20:04:35","modified_gmt":"2020-10-01T23:04:35","slug":"container1000lsp","status":"publish","type":"product","link":"https:\/\/rotolider.com.br\/sp\/produto\/container1000lsp","title":{"rendered":"Container 1000L S\/Pedal"},"content":{"rendered":"<p><a class=\"button\" style=\"background-color: red !important;\" href=\"https:\/\/rotolider.com.br\/sp\/cartelas\/cartelas_ROTOLIDER_CONTAINER1000L.pdf\" target=\"_blank\" rel=\"noopener noreferrer\">Download do PDF<\/a><\/p>\n<div class=\"elementor-element elementor-element-4a78277 elementor-tabs-view-horizontal elementor-widget elementor-widget-tabs\" data-id=\"4a78277\" data-element_type=\"widget\" data-widget_type=\"tabs.default\">\n<div class=\"elementor-widget-container\">\n<div class=\"elementor-tabs\" role=\"tablist\">\n<div class=\"elementor-tabs-wrapper\">\n<div id=\"elementor-tab-title-7801\" class=\"elementor-tab-title elementor-tab-desktop-title elementor-active\" role=\"tab\" data-tab=\"1\" aria-controls=\"elementor-tab-content-7801\"><a>Detalhes<\/a><\/div>\n<div class=\"elementor-tabs-content-wrapper\">\n<div class=\"elementor-tab-title elementor-tab-mobile-title elementor-active\" role=\"tab\" data-tab=\"1\">Detalhes<\/div>\n<div id=\"elementor-tab-content-7801\" class=\"elementor-tab-content elementor-clearfix elementor-active\" style=\"display: block;\" role=\"tabpanel\" data-tab=\"1\" aria-labelledby=\"elementor-tab-title-7801\">\n<p>Os Containers de Pl\u00e1stico 1000L s\u00e3o fabricados em PEAD, proporcionando alta resist\u00eancia ao impacto e \u00e0 tra\u00e7\u00e3o. Cont\u00e9m um aditivo extra antioxidante e anti-UV (n\u00edveis de prote\u00e7\u00e3o classe 8 \u2013 UV 8 \u2013 ASTM \/ American Society for Testing and Materials), em conformidade com a norma EN840.<\/p>\n<p>Contam com 04 rod\u00edzios girat\u00f3rios (02 com freios) e garfos em a\u00e7o com tratamento anti-corros\u00e3o. Possui munh\u00e3o para basculamento em caminh\u00f5es de coleta urbana e dreno com tampa rosque\u00e1vel para escoamento de l\u00edquidos.<\/p>\n<\/div>\n<\/div>\n<\/div>\n<\/div>\n<\/div>\n<\/div>\n","protected":false},"excerpt":{"rendered":"<p>Download do PDF Detalhes Detalhes Os Containers de Pl\u00e1stico 1000L s\u00e3o fabricados em PEAD, proporcionando alta resist\u00eancia ao impacto e \u00e0 tra\u00e7\u00e3o. Cont\u00e9m um aditivo extra antioxidante e anti-UV (n\u00edveis de prote\u00e7\u00e3o classe 8 \u2013 UV 8 \u2013 ASTM \/ American Society for Testing and Materials), em conformidade com a norma EN840. Contam com 04 [&hellip;]<\/p>\n","protected":false},"featured_media":3295,"template":"","meta":{"_joinchat":[]},"product_cat":[98],"product_tag":[],"_links":{"self":[{"href":"https:\/\/rotolider.com.br\/sp\/wp-json\/wp\/v2\/product\/3297"}],"collection":[{"href":"https:\/\/rotolider.com.br\/sp\/wp-json\/wp\/v2\/product"}],"about":[{"href":"https:\/\/rotolider.com.br\/sp\/wp-json\/wp\/v2\/types\/product"}],"wp:featuredmedia":[{"embeddable":true,"href":"https:\/\/rotolider.com.br\/sp\/wp-json\/wp\/v2\/media\/3295"}],"wp:attachment":[{"href":"https:\/\/rotolider.com.br\/sp\/wp-json\/wp\/v2\/media?parent=3297"}],"wp:term":[{"taxonomy":"product_cat","embeddable":true,"href":"https:\/\/rotolider.com.br\/sp\/wp-json\/wp\/v2\/product_cat?post=3297"},{"taxonomy":"product_tag","embeddable":true,"href":"https:\/\/rotolider.com.br\/sp\/wp-json\/wp\/v2\/product_tag?post=3297"}],"curies":[{"name":"wp","href":"https:\/\/api.w.org\/{rel}","templated":true}]}}