{"id":3235,"date":"2020-07-07T19:13:29","date_gmt":"2020-07-07T22:13:29","guid":{"rendered":"http:\/\/rotolider.com.br\/sp\/produto\/pallet-de-contencao-100l-1-tambor-copy"},"modified":"2020-11-21T12:01:36","modified_gmt":"2020-11-21T15:01:36","slug":"pallet-de-contencao-1000l","status":"publish","type":"product","link":"https:\/\/rotolider.com.br\/sp\/produto\/pallet-de-contencao-1000l","title":{"rendered":"Pallet de Conten\u00e7\u00e3o &#8211; 1000L"},"content":{"rendered":"<p><a class=\"button\" style=\"background-color: red !important;\" href=\"https:\/\/rotolider.com.br\/sp\/cartelas\/cartelas_ROTOLIDER_IBC1000.pdf\" target=\"_blank\" rel=\"noopener noreferrer\">Download do PDF<\/a><\/p>\n<div class=\"elementor-element elementor-element-4a78277 elementor-tabs-view-horizontal elementor-widget elementor-widget-tabs\" data-id=\"4a78277\" data-element_type=\"widget\" data-widget_type=\"tabs.default\">\n<div class=\"elementor-widget-container\">\n<div class=\"elementor-tabs\" role=\"tablist\">\n<div class=\"elementor-tabs-wrapper\">\n<div id=\"elementor-tab-title-7801\" class=\"elementor-tab-title elementor-tab-desktop-title elementor-active\" role=\"tab\" data-tab=\"1\" aria-controls=\"elementor-tab-content-7801\"><a>Detalhes<\/a><\/div>\n<div id=\"elementor-tab-title-7802\" class=\"elementor-tab-title elementor-tab-desktop-title\" role=\"tab\" data-tab=\"2\" aria-controls=\"elementor-tab-content-7802\"><a>Diferenciais<\/a><\/div>\n<\/div>\n<div class=\"elementor-tabs-content-wrapper\">\n<div class=\"elementor-tab-title elementor-tab-mobile-title elementor-active\" role=\"tab\" data-tab=\"1\">Detalhes<\/div>\n<div id=\"elementor-tab-content-7801\" class=\"elementor-tab-content elementor-clearfix elementor-active\" style=\"display: block;\" role=\"tabpanel\" data-tab=\"1\" aria-labelledby=\"elementor-tab-title-7801\">Fabricado pelo processo de rotomoldagem, o pallet para 4 tambores tem como mat\u00e9ria prima principal o polietileno (tamb\u00e9m conhecido como PE).<br \/>\n\u00c9 ideal para reter produtos qu\u00edmicos e nocivos como l\u00edquidos inflam\u00e1veis (ou combust\u00edveis), \u00e1cidos, corrosivos, entre outros e representa uma excelente solu\u00e7\u00e3o para evitar a contamina\u00e7\u00e3o do solo.<br \/>\nPallet de conten\u00e7\u00e3o tem a fun\u00e7\u00e3o de conter vazamentos em bombonas e \/ ou tambores qu\u00edmicos, que realizam o armazenamento e transporte das subst\u00e2ncias qu\u00edmicas utilizadas em ind\u00fastrias.<b><br \/>\nPermite a reutiliza\u00e7\u00e3o de l\u00edquidos derramados por estes tambores dando a chance de reuso e auxiliando as empresas, que n\u00e3o ter\u00e3o gastos extras por conta de desperd\u00edcio. At\u00e9 mesmo porque alguns destes produtos s\u00e3o caros e altamente perigosos.<\/b><b>Atende a norma OSHA 40 CFR 264<\/b><\/p>\n<\/div>\n<div class=\"elementor-tab-title elementor-tab-mobile-title\" role=\"tab\" data-tab=\"2\">Diferenciais<\/div>\n<div id=\"elementor-tab-content-7802\" class=\"elementor-tab-content elementor-clearfix\" style=\"display: none;\" role=\"tabpanel\" data-tab=\"2\" aria-labelledby=\"elementor-tab-title-7802\"><i class=\"fas fa-check\" aria-hidden=\"true\"><\/i>\u00a0Colabora na manuten\u00e7\u00e3o de um ambiente de trabalho seguro e salubre.<br \/>\n<i class=\"fas fa-check\" aria-hidden=\"true\"><\/i>\u00a0Diminui\u00e7\u00e3o consider\u00e1vel de vazamentos e tombamentos de tambores.<br \/>\n<i class=\"fas fa-check\" aria-hidden=\"true\"><\/i>\u00a0Projetado para manter funcion\u00e1rios e o ambiente de trabalho industrial em perfeito estado de salubridade e seguran\u00e7a em rela\u00e7\u00e3o a vazamentos ou derramamentos inesperados de tambores e produtos.<br \/>\n<i class=\"fas fa-check\" aria-hidden=\"true\"><\/i>\u00a0Seguran\u00e7a ao trabalho e tamb\u00e9m prote\u00e7\u00e3o ao meio ambiente,mant\u00e9m a sua empresa em conformidade com normas vigentes.<\/div>\n<\/div>\n<\/div>\n<\/div>\n<\/div>\n","protected":false},"excerpt":{"rendered":"<p>Download do PDF Detalhes Diferenciais Detalhes Fabricado pelo processo de rotomoldagem, o pallet para 4 tambores tem como mat\u00e9ria prima principal o polietileno (tamb\u00e9m conhecido como PE). \u00c9 ideal para reter produtos qu\u00edmicos e nocivos como l\u00edquidos inflam\u00e1veis (ou combust\u00edveis), \u00e1cidos, corrosivos, entre outros e representa uma excelente solu\u00e7\u00e3o para evitar a contamina\u00e7\u00e3o do solo. [&hellip;]<\/p>\n","protected":false},"featured_media":3649,"template":"","meta":{"_joinchat":[]},"product_cat":[96],"product_tag":[],"_links":{"self":[{"href":"https:\/\/rotolider.com.br\/sp\/wp-json\/wp\/v2\/product\/3235"}],"collection":[{"href":"https:\/\/rotolider.com.br\/sp\/wp-json\/wp\/v2\/product"}],"about":[{"href":"https:\/\/rotolider.com.br\/sp\/wp-json\/wp\/v2\/types\/product"}],"wp:featuredmedia":[{"embeddable":true,"href":"https:\/\/rotolider.com.br\/sp\/wp-json\/wp\/v2\/media\/3649"}],"wp:attachment":[{"href":"https:\/\/rotolider.com.br\/sp\/wp-json\/wp\/v2\/media?parent=3235"}],"wp:term":[{"taxonomy":"product_cat","embeddable":true,"href":"https:\/\/rotolider.com.br\/sp\/wp-json\/wp\/v2\/product_cat?post=3235"},{"taxonomy":"product_tag","embeddable":true,"href":"https:\/\/rotolider.com.br\/sp\/wp-json\/wp\/v2\/product_tag?post=3235"}],"curies":[{"name":"wp","href":"https:\/\/api.w.org\/{rel}","templated":true}]}}