{"id":2754,"date":"2020-06-29T15:25:59","date_gmt":"2020-06-29T18:25:59","guid":{"rendered":"http:\/\/rotolider.com.br\/sp\/request-quote\/"},"modified":"2020-06-30T19:45:12","modified_gmt":"2020-06-30T22:45:12","slug":"orcamento","status":"publish","type":"page","link":"https:\/\/rotolider.com.br\/sp\/orcamento","title":{"rendered":"Or\u00e7amento"},"content":{"rendered":"\t\t<div data-elementor-type=\"wp-page\" data-elementor-id=\"2754\" class=\"elementor elementor-2754\" data-elementor-post-type=\"page\">\n\t\t\t\t\t\t\t\t\t<section class=\"elementor-section elementor-top-section elementor-element elementor-element-6a56a53a elementor-section-stretched elementor-section-boxed elementor-section-height-default elementor-section-height-default\" data-id=\"6a56a53a\" data-element_type=\"section\" data-settings=\"{&quot;stretch_section&quot;:&quot;section-stretched&quot;}\">\n\t\t\t\t\t\t<div class=\"elementor-container elementor-column-gap-default\">\n\t\t\t\t\t<div class=\"elementor-column elementor-col-100 elementor-top-column elementor-element elementor-element-3c37b1ac\" data-id=\"3c37b1ac\" data-element_type=\"column\">\n\t\t\t<div class=\"elementor-widget-wrap elementor-element-populated\">\n\t\t\t\t\t\t\t\t<div class=\"elementor-element elementor-element-6f086dd8 elementor-widget elementor-widget-text-editor\" data-id=\"6f086dd8\" data-element_type=\"widget\" data-widget_type=\"text-editor.default\">\n\t\t\t\t<div class=\"elementor-widget-container\">\n\t\t\t\t\t\t\t\n<div class=\"woocommerce ywraq-wrapper\">\n\n\t\t\t<div id=\"yith-ywraq-message\"><div class=\"ywraq-question-message\">\n\t<\/div>\n<\/div>\n\t\t\n\t\t\t\t<div class=\"ywraq-form-table-wrapper \">\n\t\t\t<p class=\"ywraq_list_empty_message\">Sua lista est\u00e1 vazia, adicione produtos \u00e0 lista para enviar uma solicita\u00e7\u00e3o<p><p class=\"return-to-shop\"><a class=\"button wc-backward\" href=\"https:\/\/rotolider.com.br\/sp\/produtos\">Retornar p\u00e1gina de Produtos<\/a><\/p>\n\t\t\t\t\t<\/div>\n\t<\/div>\n\t\t\t\t\t\t<\/div>\n\t\t\t\t<\/div>\n\t\t\t\t\t<\/div>\n\t\t<\/div>\n\t\t\t\t\t\t\t<\/div>\n\t\t<\/section>\n\t\t\t\t\t\t\t<\/div>\n\t\t","protected":false},"excerpt":{"rendered":"","protected":false},"author":1,"featured_media":0,"parent":0,"menu_order":0,"comment_status":"closed","ping_status":"closed","template":"","meta":{"footnotes":"","_joinchat":[]},"_links":{"self":[{"href":"https:\/\/rotolider.com.br\/sp\/wp-json\/wp\/v2\/pages\/2754"}],"collection":[{"href":"https:\/\/rotolider.com.br\/sp\/wp-json\/wp\/v2\/pages"}],"about":[{"href":"https:\/\/rotolider.com.br\/sp\/wp-json\/wp\/v2\/types\/page"}],"author":[{"embeddable":true,"href":"https:\/\/rotolider.com.br\/sp\/wp-json\/wp\/v2\/users\/1"}],"replies":[{"embeddable":true,"href":"https:\/\/rotolider.com.br\/sp\/wp-json\/wp\/v2\/comments?post=2754"}],"version-history":[{"count":3,"href":"https:\/\/rotolider.com.br\/sp\/wp-json\/wp\/v2\/pages\/2754\/revisions"}],"predecessor-version":[{"id":2993,"href":"https:\/\/rotolider.com.br\/sp\/wp-json\/wp\/v2\/pages\/2754\/revisions\/2993"}],"wp:attachment":[{"href":"https:\/\/rotolider.com.br\/sp\/wp-json\/wp\/v2\/media?parent=2754"}],"curies":[{"name":"wp","href":"https:\/\/api.w.org\/{rel}","templated":true}]}}