{"id":753,"date":"2019-11-07T03:23:04","date_gmt":"2019-11-07T03:23:04","guid":{"rendered":"http:\/\/wpdemo.archiwp.com\/onum\/?page_id=753"},"modified":"2020-07-13T19:48:06","modified_gmt":"2020-07-13T22:48:06","slug":"quemsomos","status":"publish","type":"page","link":"https:\/\/rotolider.com.br\/rj\/quemsomos","title":{"rendered":"Quem Somos"},"content":{"rendered":"\t\t<div data-elementor-type=\"wp-page\" data-elementor-id=\"753\" class=\"elementor elementor-753\" data-elementor-settings=\"[]\">\n\t\t\t\t\t\t<div class=\"elementor-inner\">\n\t\t\t\t\t\t\t<div class=\"elementor-section-wrap\">\n\t\t\t\t\t\t\t<section class=\"elementor-section elementor-top-section elementor-element elementor-element-588df14 elementor-section-content-middle elementor-section-boxed elementor-section-height-default elementor-section-height-default\" data-id=\"588df14\" data-element_type=\"section\">\n\t\t\t\t\t\t<div class=\"elementor-container elementor-column-gap-extended\">\n\t\t\t\t\t\t\t<div class=\"elementor-row\">\n\t\t\t\t\t<div class=\"elementor-column elementor-col-50 elementor-top-column elementor-element elementor-element-de195c6\" data-id=\"de195c6\" data-element_type=\"column\">\n\t\t\t<div class=\"elementor-column-wrap elementor-element-populated\">\n\t\t\t\t\t\t\t<div class=\"elementor-widget-wrap\">\n\t\t\t\t\t\t<div class=\"elementor-element elementor-element-7e57f00 elementor-widget elementor-widget-image\" data-id=\"7e57f00\" data-element_type=\"widget\" data-widget_type=\"image.default\">\n\t\t\t\t<div class=\"elementor-widget-container\">\n\t\t\t\t\t\t\t\t<div class=\"elementor-image\">\n\t\t\t\t\t\t\t\t\t\t\t\t<img width=\"596\" height=\"647\" src=\"https:\/\/rotolider.com.br\/rj\/wp-content\/uploads\/2020\/07\/logo_rotoliderqs.png\" class=\"attachment-full size-full\" alt=\"\" loading=\"lazy\" srcset=\"https:\/\/rotolider.com.br\/rj\/wp-content\/uploads\/2020\/07\/logo_rotoliderqs.png 596w, https:\/\/rotolider.com.br\/rj\/wp-content\/uploads\/2020\/07\/logo_rotoliderqs-276x300.png 276w\" sizes=\"(max-width: 596px) 100vw, 596px\" \/>\t\t\t\t\t\t\t\t\t\t\t\t\t\t<\/div>\n\t\t\t\t\t\t<\/div>\n\t\t\t\t<\/div>\n\t\t\t\t\t\t<\/div>\n\t\t\t\t\t<\/div>\n\t\t<\/div>\n\t\t\t\t<div class=\"elementor-column elementor-col-50 elementor-top-column elementor-element elementor-element-233b0d2\" data-id=\"233b0d2\" data-element_type=\"column\">\n\t\t\t<div class=\"elementor-column-wrap elementor-element-populated\">\n\t\t\t\t\t\t\t<div class=\"elementor-widget-wrap\">\n\t\t\t\t\t\t<div class=\"elementor-element elementor-element-fe5bc85 elementor-widget elementor-widget-iheading\" data-id=\"fe5bc85\" data-element_type=\"widget\" data-widget_type=\"iheading.default\">\n\t\t\t\t<div class=\"elementor-widget-container\">\n\t\t\t\t\t<div class=\"ot-heading left-align\">\n\t        \t            <h6><span>QUEM SOMOS<\/span><\/h6>\n\t        \t        <h2 class=\"main-heading\">A RotoL\u00edder \u00e9 l\u00edder<br>em Roto Moldados<\/h2>\n\t        \t    <\/div>\n\t    \t\t<\/div>\n\t\t\t\t<\/div>\n\t\t\t\t<div class=\"elementor-element elementor-element-e6e8b3f elementor-widget elementor-widget-text-editor\" data-id=\"e6e8b3f\" data-element_type=\"widget\" data-widget_type=\"text-editor.default\">\n\t\t\t\t<div class=\"elementor-widget-container\">\n\t\t\t\t\t\t\t\t<div class=\"elementor-text-editor elementor-clearfix\">\n\t\t\t\t\t<p class=\"font22 text-dark\">Somos uma f\u00e1brica com ampla gama de produtos produzidos a partir de materiais pl\u00e1sticos, obedecendo rigorosas normas internacionais de Controle de qualidade al\u00e9m de termos o compromisso em fornecer um excelente atendimento ao cliente.<\/p>\t\t\t\t\t<\/div>\n\t\t\t\t\t\t<\/div>\n\t\t\t\t<\/div>\n\t\t\t\t\t\t<\/div>\n\t\t\t\t\t<\/div>\n\t\t<\/div>\n\t\t\t\t\t\t\t\t<\/div>\n\t\t\t\t\t<\/div>\n\t\t<\/section>\n\t\t\t\t<section class=\"elementor-section elementor-top-section elementor-element elementor-element-04ed802 elementor-section-boxed elementor-section-height-default elementor-section-height-default\" data-id=\"04ed802\" data-element_type=\"section\" data-settings=\"{&quot;background_background&quot;:&quot;gradient&quot;}\">\n\t\t\t\t\t\t<div class=\"elementor-container elementor-column-gap-extended\">\n\t\t\t\t\t\t\t<div class=\"elementor-row\">\n\t\t\t\t\t<div class=\"elementor-column elementor-col-100 elementor-top-column elementor-element elementor-element-eeba7e5\" data-id=\"eeba7e5\" data-element_type=\"column\">\n\t\t\t<div class=\"elementor-column-wrap elementor-element-populated\">\n\t\t\t\t\t\t\t<div class=\"elementor-widget-wrap\">\n\t\t\t\t\t\t<section class=\"elementor-section elementor-inner-section elementor-element elementor-element-4edaf8b elementor-section-full_width elementor-section-height-default elementor-section-height-default\" data-id=\"4edaf8b\" data-element_type=\"section\">\n\t\t\t\t\t\t<div class=\"elementor-container elementor-column-gap-extended\">\n\t\t\t\t\t\t\t<div class=\"elementor-row\">\n\t\t\t\t\t<div class=\"elementor-column elementor-col-33 elementor-inner-column elementor-element elementor-element-9b1c72c\" data-id=\"9b1c72c\" data-element_type=\"column\">\n\t\t\t<div class=\"elementor-column-wrap elementor-element-populated\">\n\t\t\t\t\t\t\t<div class=\"elementor-widget-wrap\">\n\t\t\t\t\t\t<div class=\"elementor-element elementor-element-a89a1cf elementor-widget elementor-widget-iservice_box\" data-id=\"a89a1cf\" data-element_type=\"widget\" data-widget_type=\"iservice_box.default\">\n\t\t\t\t<div class=\"elementor-widget-container\">\n\t\t\t\n\t\t\t\t<div class=\"service-box-s2 s-box elementor-animation-\">\n\t\t\t\t\t\t<div class=\"number-box\">\n\t\t        01\t        <\/div>\n\t        \t        <div class=\"content-box\">\n\t            <h5>Qualidade<\/h5>\n\t            <p><\/p>\n\t        <\/div>\n\t    <\/div>\n\t    \n\t    \t\t<\/div>\n\t\t\t\t<\/div>\n\t\t\t\t\t\t<\/div>\n\t\t\t\t\t<\/div>\n\t\t<\/div>\n\t\t\t\t<div class=\"elementor-column elementor-col-33 elementor-inner-column elementor-element elementor-element-eab20bb\" data-id=\"eab20bb\" data-element_type=\"column\">\n\t\t\t<div class=\"elementor-column-wrap elementor-element-populated\">\n\t\t\t\t\t\t\t<div class=\"elementor-widget-wrap\">\n\t\t\t\t\t\t<div class=\"elementor-element elementor-element-1457aea elementor-widget elementor-widget-iservice_box\" data-id=\"1457aea\" data-element_type=\"widget\" data-widget_type=\"iservice_box.default\">\n\t\t\t\t<div class=\"elementor-widget-container\">\n\t\t\t\n\t\t\t\t<div class=\"service-box-s2 s-box elementor-animation-\">\n\t\t\t\t\t\t<div class=\"number-box\">\n\t\t        02\t        <\/div>\n\t        \t        <div class=\"content-box\">\n\t            <h5>Confian\u00e7a<\/h5>\n\t            <p><\/p>\n\t        <\/div>\n\t    <\/div>\n\t    \n\t    \t\t<\/div>\n\t\t\t\t<\/div>\n\t\t\t\t\t\t<\/div>\n\t\t\t\t\t<\/div>\n\t\t<\/div>\n\t\t\t\t<div class=\"elementor-column elementor-col-33 elementor-inner-column elementor-element elementor-element-5a56d14\" data-id=\"5a56d14\" data-element_type=\"column\">\n\t\t\t<div class=\"elementor-column-wrap elementor-element-populated\">\n\t\t\t\t\t\t\t<div class=\"elementor-widget-wrap\">\n\t\t\t\t\t\t<div class=\"elementor-element elementor-element-a2126dd elementor-widget elementor-widget-iservice_box\" data-id=\"a2126dd\" data-element_type=\"widget\" data-widget_type=\"iservice_box.default\">\n\t\t\t\t<div class=\"elementor-widget-container\">\n\t\t\t\n\t\t\t\t<div class=\"service-box-s2 s-box elementor-animation-\">\n\t\t\t\t\t\t<div class=\"number-box\">\n\t\t        03\t        <\/div>\n\t        \t        <div class=\"content-box\">\n\t            <h5>Agilidade<\/h5>\n\t            <p><\/p>\n\t        <\/div>\n\t    <\/div>\n\t    \n\t    \t\t<\/div>\n\t\t\t\t<\/div>\n\t\t\t\t\t\t<\/div>\n\t\t\t\t\t<\/div>\n\t\t<\/div>\n\t\t\t\t\t\t\t\t<\/div>\n\t\t\t\t\t<\/div>\n\t\t<\/section>\n\t\t\t\t<section class=\"elementor-section elementor-inner-section elementor-element elementor-element-be054cf elementor-section-content-middle elementor-section-full_width elementor-section-height-default elementor-section-height-default\" data-id=\"be054cf\" data-element_type=\"section\">\n\t\t\t\t\t\t<div class=\"elementor-container elementor-column-gap-extended\">\n\t\t\t\t\t\t\t<div class=\"elementor-row\">\n\t\t\t\t\t<div class=\"elementor-column elementor-col-50 elementor-inner-column elementor-element elementor-element-7bdcf7b\" data-id=\"7bdcf7b\" data-element_type=\"column\">\n\t\t\t<div class=\"elementor-column-wrap elementor-element-populated\">\n\t\t\t\t\t\t\t<div class=\"elementor-widget-wrap\">\n\t\t\t\t\t\t<div class=\"elementor-element elementor-element-5bea05c elementor-widget elementor-widget-iheading\" data-id=\"5bea05c\" data-element_type=\"widget\" data-widget_type=\"iheading.default\">\n\t\t\t\t<div class=\"elementor-widget-container\">\n\t\t\t\t\t<div class=\"ot-heading -align\">\n\t        \t            <h6><span>QUALIDADE RECONHECIDA<\/span><\/h6>\n\t        \t    <\/div>\n\t    \t\t<\/div>\n\t\t\t\t<\/div>\n\t\t\t\t<div class=\"elementor-element elementor-element-f505a3a elementor-widget elementor-widget-text-editor\" data-id=\"f505a3a\" data-element_type=\"widget\" data-widget_type=\"text-editor.default\">\n\t\t\t\t<div class=\"elementor-widget-container\">\n\t\t\t\t\t\t\t\t<div class=\"elementor-text-editor elementor-clearfix\">\n\t\t\t\t\t<p style=\"font-weight: 400;\">A ROTOL\u00cdDER investe constantemente em tecnologia e capacita\u00e7\u00e3o profissional tendo como foco a excel\u00eancia no desenvolvimento de seus produtos, , atendendo \u00e0s necessidades de uso em ambientes comerciais, industriais, residenciais, p\u00fablicos, entre outros.<\/p><p style=\"font-weight: 400;\">Estamos preparados para fornecer produtos e servi\u00e7os adequados \u00e0s necessidades de nossos clientes. Mantendo assim como nossa principal caracter\u00edstica e nosso maior diferencial, o atendimento personalizado, a confiabilidade, o comprometimento e a \u00e9tica profissional.<\/p><p style=\"font-weight: 400;\">Nosso objetivo sempre foi oferecer solu\u00e7\u00f5es adequadas a cada necessidade.<\/p>\t\t\t\t\t<\/div>\n\t\t\t\t\t\t<\/div>\n\t\t\t\t<\/div>\n\t\t\t\t\t\t<\/div>\n\t\t\t\t\t<\/div>\n\t\t<\/div>\n\t\t\t\t<div class=\"elementor-column elementor-col-50 elementor-inner-column elementor-element elementor-element-125f3db\" data-id=\"125f3db\" data-element_type=\"column\">\n\t\t\t<div class=\"elementor-column-wrap elementor-element-populated\">\n\t\t\t\t\t\t\t<div class=\"elementor-widget-wrap\">\n\t\t\t\t\t\t<div class=\"elementor-element elementor-element-92bfa30 elementor-widget elementor-widget-image\" data-id=\"92bfa30\" data-element_type=\"widget\" data-widget_type=\"image.default\">\n\t\t\t\t<div class=\"elementor-widget-container\">\n\t\t\t\t\t\t\t\t<div class=\"elementor-image\">\n\t\t\t\t\t\t\t\t\t\t\t\t<img width=\"439\" height=\"315\" src=\"https:\/\/rotolider.com.br\/rj\/wp-content\/uploads\/2020\/07\/produtos2.png\" class=\"attachment-full size-full\" alt=\"\" loading=\"lazy\" srcset=\"https:\/\/rotolider.com.br\/rj\/wp-content\/uploads\/2020\/07\/produtos2.png 439w, https:\/\/rotolider.com.br\/rj\/wp-content\/uploads\/2020\/07\/produtos2-300x215.png 300w\" sizes=\"(max-width: 439px) 100vw, 439px\" \/>\t\t\t\t\t\t\t\t\t\t\t\t\t\t<\/div>\n\t\t\t\t\t\t<\/div>\n\t\t\t\t<\/div>\n\t\t\t\t\t\t<\/div>\n\t\t\t\t\t<\/div>\n\t\t<\/div>\n\t\t\t\t\t\t\t\t<\/div>\n\t\t\t\t\t<\/div>\n\t\t<\/section>\n\t\t\t\t\t\t<\/div>\n\t\t\t\t\t<\/div>\n\t\t<\/div>\n\t\t\t\t\t\t\t\t<\/div>\n\t\t\t\t\t<\/div>\n\t\t<\/section>\n\t\t\t\t\t\t<\/div>\n\t\t\t\t\t\t<\/div>\n\t\t\t\t\t<\/div>\n\t\t","protected":false},"excerpt":{"rendered":"<p>QUEM SOMOS A RotoL\u00edder \u00e9 l\u00edderem Roto Moldados Somos uma f\u00e1brica com ampla gama de produtos produzidos a partir de materiais pl\u00e1sticos, obedecendo rigorosas normas internacionais de Controle de qualidade al\u00e9m de termos o compromisso em fornecer um excelente atendimento ao cliente. 01 Qualidade 02 Confian\u00e7a 03 Agilidade QUALIDADE RECONHECIDA A ROTOL\u00cdDER investe constantemente em [&hellip;]<\/p>\n","protected":false},"author":1,"featured_media":0,"parent":0,"menu_order":0,"comment_status":"closed","ping_status":"closed","template":"","meta":[],"_links":{"self":[{"href":"https:\/\/rotolider.com.br\/rj\/wp-json\/wp\/v2\/pages\/753"}],"collection":[{"href":"https:\/\/rotolider.com.br\/rj\/wp-json\/wp\/v2\/pages"}],"about":[{"href":"https:\/\/rotolider.com.br\/rj\/wp-json\/wp\/v2\/types\/page"}],"author":[{"embeddable":true,"href":"https:\/\/rotolider.com.br\/rj\/wp-json\/wp\/v2\/users\/1"}],"replies":[{"embeddable":true,"href":"https:\/\/rotolider.com.br\/rj\/wp-json\/wp\/v2\/comments?post=753"}],"version-history":[{"count":11,"href":"https:\/\/rotolider.com.br\/rj\/wp-json\/wp\/v2\/pages\/753\/revisions"}],"predecessor-version":[{"id":3452,"href":"https:\/\/rotolider.com.br\/rj\/wp-json\/wp\/v2\/pages\/753\/revisions\/3452"}],"wp:attachment":[{"href":"https:\/\/rotolider.com.br\/rj\/wp-json\/wp\/v2\/media?parent=753"}],"curies":[{"name":"wp","href":"https:\/\/api.w.org\/{rel}","templated":true}]}}